{"id":1020,"date":"2019-06-07T13:17:19","date_gmt":"2019-06-07T13:17:19","guid":{"rendered":"https:\/\/sallenaviacion.es\/servicios\/"},"modified":"2026-04-22T06:50:48","modified_gmt":"2026-04-22T06:50:48","slug":"servicios","status":"publish","type":"page","link":"https:\/\/sallenaviacion.es\/en\/servicios\/","title":{"rendered":"SERVICES"},"content":{"rendered":"","protected":false},"excerpt":{"rendered":"","protected":false},"author":1,"featured_media":0,"parent":0,"menu_order":0,"comment_status":"closed","ping_status":"closed","template":"","meta":{"footnotes":""},"class_list":["post-1020","page","type-page","status-publish","hentry"],"yoast_head":"<!-- This site is optimized with the Yoast SEO plugin v26.9 - https:\/\/yoast.com\/product\/yoast-seo-wordpress\/ -->\n<title>SERVICES de aeron\u00e1utica - Sallen aviaci\u00f3n<\/title>\n<meta name=\"description\" content=\"Ofrecemos servicios de aeron\u00e1utica en diferentes sectores. Sector de defensa, sector aeroespacial, sector de aviaci\u00f3n civil...\" \/>\n<meta name=\"robots\" content=\"index, follow, max-snippet:-1, max-image-preview:large, max-video-preview:-1\" \/>\n<link rel=\"canonical\" href=\"https:\/\/sallenaviacion.es\/en\/servicios\/\" \/>\n<meta property=\"og:locale\" content=\"en_US\" \/>\n<meta property=\"og:type\" content=\"article\" \/>\n<meta property=\"og:title\" content=\"SERVICES de aeron\u00e1utica - Sallen aviaci\u00f3n\" \/>\n<meta property=\"og:description\" content=\"Ofrecemos servicios de aeron\u00e1utica en diferentes sectores. Sector de defensa, sector aeroespacial, sector de aviaci\u00f3n civil...\" \/>\n<meta property=\"og:url\" content=\"https:\/\/sallenaviacion.es\/en\/servicios\/\" \/>\n<meta property=\"og:site_name\" content=\"Sallen aviaci\u00f3n\" \/>\n<meta property=\"article:modified_time\" content=\"2026-04-22T06:50:48+00:00\" \/>\n<meta name=\"twitter:card\" content=\"summary_large_image\" \/>\n<script type=\"application\/ld+json\" class=\"yoast-schema-graph\">{\"@context\":\"https:\/\/schema.org\",\"@graph\":[{\"@type\":\"WebPage\",\"@id\":\"https:\/\/sallenaviacion.es\/en\/servicios\/\",\"url\":\"https:\/\/sallenaviacion.es\/en\/servicios\/\",\"name\":\"SERVICES de aeron\u00e1utica - Sallen aviaci\u00f3n\",\"isPartOf\":{\"@id\":\"https:\/\/sallenaviacion.es\/en\/#website\"},\"datePublished\":\"2019-06-07T13:17:19+00:00\",\"dateModified\":\"2026-04-22T06:50:48+00:00\",\"description\":\"Ofrecemos servicios de aeron\u00e1utica en diferentes sectores. Sector de defensa, sector aeroespacial, sector de aviaci\u00f3n civil...\",\"breadcrumb\":{\"@id\":\"https:\/\/sallenaviacion.es\/en\/servicios\/#breadcrumb\"},\"inLanguage\":\"en-US\",\"potentialAction\":[{\"@type\":\"ReadAction\",\"target\":[\"https:\/\/sallenaviacion.es\/en\/servicios\/\"]}]},{\"@type\":\"BreadcrumbList\",\"@id\":\"https:\/\/sallenaviacion.es\/en\/servicios\/#breadcrumb\",\"itemListElement\":[{\"@type\":\"ListItem\",\"position\":1,\"name\":\"Portada\",\"item\":\"https:\/\/sallenaviacion.es\/en\/home\/\"},{\"@type\":\"ListItem\",\"position\":2,\"name\":\"SERVICES\"}]},{\"@type\":\"WebSite\",\"@id\":\"https:\/\/sallenaviacion.es\/en\/#website\",\"url\":\"https:\/\/sallenaviacion.es\/en\/\",\"name\":\"Sallen aviaci\u00f3n\",\"description\":\"\",\"potentialAction\":[{\"@type\":\"SearchAction\",\"target\":{\"@type\":\"EntryPoint\",\"urlTemplate\":\"https:\/\/sallenaviacion.es\/en\/?s={search_term_string}\"},\"query-input\":{\"@type\":\"PropertyValueSpecification\",\"valueRequired\":true,\"valueName\":\"search_term_string\"}}],\"inLanguage\":\"en-US\"}]}<\/script>\n<!-- \/ Yoast SEO plugin. -->","yoast_head_json":{"title":"SERVICES de aeron\u00e1utica - Sallen aviaci\u00f3n","description":"Ofrecemos servicios de aeron\u00e1utica en diferentes sectores. Sector de defensa, sector aeroespacial, sector de aviaci\u00f3n civil...","robots":{"index":"index","follow":"follow","max-snippet":"max-snippet:-1","max-image-preview":"max-image-preview:large","max-video-preview":"max-video-preview:-1"},"canonical":"https:\/\/sallenaviacion.es\/en\/servicios\/","og_locale":"en_US","og_type":"article","og_title":"SERVICES de aeron\u00e1utica - Sallen aviaci\u00f3n","og_description":"Ofrecemos servicios de aeron\u00e1utica en diferentes sectores. Sector de defensa, sector aeroespacial, sector de aviaci\u00f3n civil...","og_url":"https:\/\/sallenaviacion.es\/en\/servicios\/","og_site_name":"Sallen aviaci\u00f3n","article_modified_time":"2026-04-22T06:50:48+00:00","twitter_card":"summary_large_image","schema":{"@context":"https:\/\/schema.org","@graph":[{"@type":"WebPage","@id":"https:\/\/sallenaviacion.es\/en\/servicios\/","url":"https:\/\/sallenaviacion.es\/en\/servicios\/","name":"SERVICES de aeron\u00e1utica - Sallen aviaci\u00f3n","isPartOf":{"@id":"https:\/\/sallenaviacion.es\/en\/#website"},"datePublished":"2019-06-07T13:17:19+00:00","dateModified":"2026-04-22T06:50:48+00:00","description":"Ofrecemos servicios de aeron\u00e1utica en diferentes sectores. Sector de defensa, sector aeroespacial, sector de aviaci\u00f3n civil...","breadcrumb":{"@id":"https:\/\/sallenaviacion.es\/en\/servicios\/#breadcrumb"},"inLanguage":"en-US","potentialAction":[{"@type":"ReadAction","target":["https:\/\/sallenaviacion.es\/en\/servicios\/"]}]},{"@type":"BreadcrumbList","@id":"https:\/\/sallenaviacion.es\/en\/servicios\/#breadcrumb","itemListElement":[{"@type":"ListItem","position":1,"name":"Portada","item":"https:\/\/sallenaviacion.es\/en\/home\/"},{"@type":"ListItem","position":2,"name":"SERVICES"}]},{"@type":"WebSite","@id":"https:\/\/sallenaviacion.es\/en\/#website","url":"https:\/\/sallenaviacion.es\/en\/","name":"Sallen aviaci\u00f3n","description":"","potentialAction":[{"@type":"SearchAction","target":{"@type":"EntryPoint","urlTemplate":"https:\/\/sallenaviacion.es\/en\/?s={search_term_string}"},"query-input":{"@type":"PropertyValueSpecification","valueRequired":true,"valueName":"search_term_string"}}],"inLanguage":"en-US"}]}},"_links":{"self":[{"href":"https:\/\/sallenaviacion.es\/en\/wp-json\/wp\/v2\/pages\/1020","targetHints":{"allow":["GET"]}}],"collection":[{"href":"https:\/\/sallenaviacion.es\/en\/wp-json\/wp\/v2\/pages"}],"about":[{"href":"https:\/\/sallenaviacion.es\/en\/wp-json\/wp\/v2\/types\/page"}],"author":[{"embeddable":true,"href":"https:\/\/sallenaviacion.es\/en\/wp-json\/wp\/v2\/users\/1"}],"replies":[{"embeddable":true,"href":"https:\/\/sallenaviacion.es\/en\/wp-json\/wp\/v2\/comments?post=1020"}],"version-history":[{"count":3,"href":"https:\/\/sallenaviacion.es\/en\/wp-json\/wp\/v2\/pages\/1020\/revisions"}],"predecessor-version":[{"id":1043,"href":"https:\/\/sallenaviacion.es\/en\/wp-json\/wp\/v2\/pages\/1020\/revisions\/1043"}],"wp:attachment":[{"href":"https:\/\/sallenaviacion.es\/en\/wp-json\/wp\/v2\/media?parent=1020"}],"curies":[{"name":"wp","href":"https:\/\/api.w.org\/{rel}","templated":true}]}}